{"id":1120,"date":"2019-01-19T17:23:06","date_gmt":"2019-01-19T16:23:06","guid":{"rendered":"https:\/\/www.titta-tiernahrung.de\/wp\/?post_type=product&#038;p=1120"},"modified":"2026-04-20T19:01:56","modified_gmt":"2026-04-20T17:01:56","slug":"hubertus-gold-nassfutter-800g-adult-forest-edition-schwarzwild","status":"publish","type":"product","link":"https:\/\/www.titta-tiernahrung.de\/wp\/produkt\/hubertus-gold-nassfutter-800g-adult-forest-edition-schwarzwild\/","title":{"rendered":"Hubertus Gold Na\u00dffutter 800g adult Forest-Edition Schwarzwild"},"content":{"rendered":"","protected":false},"excerpt":{"rendered":"<p>\u00dcber 60 % bestes Fleisch vom Schwarzwild versorgt Ihren Jagdhund mit wichtigen Proteinen und N\u00e4hrstoffen. Durch die Zugabe von schmackhafter Kartoffel und gesunden Brombeere wird das Men\u00fc mit vielen wichtigen Vitaminen f\u00fcr ein langes und ausgeglichenes Leben verfeinert. Zarte Kr\u00e4uter und hochwertiges Distel\u00f6l unterst\u00fctzen mit wertvollen Inhaltsstoffen beste Gesundheit.<\/p>\n","protected":false},"featured_media":1121,"comment_status":"open","ping_status":"closed","template":"","meta":[],"product_brand":[],"product_cat":[32,40,52],"product_tag":[87,140,101,141,142,139,120],"class_list":{"0":"post-1120","1":"product","2":"type-product","3":"status-publish","4":"has-post-thumbnail","6":"product_cat-hunde","7":"product_cat-nahrung-hunde","8":"product_cat-nassnahrung","9":"product_tag-alleinfutter","10":"product_tag-dosenfutter","11":"product_tag-hoher-fleischanteil","12":"product_tag-hubertus-gold-nassfutter","13":"product_tag-lebensmittelqualitaet","14":"product_tag-nassfutter","15":"product_tag-ohne-konservierungsstoffe","17":"first","18":"outofstock","19":"taxable","20":"shipping-taxable","21":"purchasable","22":"product-type-simple"},"_links":{"self":[{"href":"https:\/\/www.titta-tiernahrung.de\/wp\/wp-json\/wp\/v2\/product\/1120","targetHints":{"allow":["GET"]}}],"collection":[{"href":"https:\/\/www.titta-tiernahrung.de\/wp\/wp-json\/wp\/v2\/product"}],"about":[{"href":"https:\/\/www.titta-tiernahrung.de\/wp\/wp-json\/wp\/v2\/types\/product"}],"replies":[{"embeddable":true,"href":"https:\/\/www.titta-tiernahrung.de\/wp\/wp-json\/wp\/v2\/comments?post=1120"}],"wp:featuredmedia":[{"embeddable":true,"href":"https:\/\/www.titta-tiernahrung.de\/wp\/wp-json\/wp\/v2\/media\/1121"}],"wp:attachment":[{"href":"https:\/\/www.titta-tiernahrung.de\/wp\/wp-json\/wp\/v2\/media?parent=1120"}],"wp:term":[{"taxonomy":"product_brand","embeddable":true,"href":"https:\/\/www.titta-tiernahrung.de\/wp\/wp-json\/wp\/v2\/product_brand?post=1120"},{"taxonomy":"product_cat","embeddable":true,"href":"https:\/\/www.titta-tiernahrung.de\/wp\/wp-json\/wp\/v2\/product_cat?post=1120"},{"taxonomy":"product_tag","embeddable":true,"href":"https:\/\/www.titta-tiernahrung.de\/wp\/wp-json\/wp\/v2\/product_tag?post=1120"}],"curies":[{"name":"wp","href":"https:\/\/api.w.org\/{rel}","templated":true}]}}