{"id":15500,"date":"2021-03-12T18:08:26","date_gmt":"2021-03-12T17:08:26","guid":{"rendered":"https:\/\/www.titta-tiernahrung.de\/wp\/?post_type=product&#038;p=15500"},"modified":"2026-03-09T18:29:33","modified_gmt":"2026-03-09T17:29:33","slug":"fitalas-welskoepfe-getrocknet-stck","status":"publish","type":"product","link":"https:\/\/www.titta-tiernahrung.de\/wp\/produkt\/fitalas-welskoepfe-getrocknet-stck\/","title":{"rendered":"Welsk\u00f6pfe getrocknet Stck"},"content":{"rendered":"","protected":false},"excerpt":{"rendered":"<p><strong>Frisch vom Lande, Regionalprodukt.<\/strong><\/p>\n<p><strong>Welsk\u00f6pfe getrocknet<\/strong><\/p>\n<p>Bei unserem Produkt handelt es sich um ein Naturprodukt, angegebene Werte k\u00f6nnen leicht abweichen.<\/p>\n<p>Stellen Sie sicher, da\u00df Ihrem Haustier st\u00e4ndig gen\u00fcgend frisches Wasser zur Verf\u00fcgung steht.<\/p>\n<p>Erg\u00e4nzungsfuttermittel. Ohne Konservierungsmittel. Auch f\u00fcr Allergiker geeignet.<\/p>\n","protected":false},"featured_media":15520,"comment_status":"open","ping_status":"closed","template":"","meta":[],"product_brand":[],"product_cat":[32,40,50],"product_tag":[479,166,557],"class_list":{"0":"post-15500","1":"product","2":"type-product","3":"status-publish","4":"has-post-thumbnail","6":"product_cat-hunde","7":"product_cat-nahrung-hunde","8":"product_cat-kauartikel","9":"product_tag-fisch","10":"product_tag-kauartikel","11":"product_tag-welskoepfe","13":"first","14":"outofstock","15":"taxable","16":"shipping-taxable","17":"purchasable","18":"product-type-variable"},"_links":{"self":[{"href":"https:\/\/www.titta-tiernahrung.de\/wp\/wp-json\/wp\/v2\/product\/15500","targetHints":{"allow":["GET"]}}],"collection":[{"href":"https:\/\/www.titta-tiernahrung.de\/wp\/wp-json\/wp\/v2\/product"}],"about":[{"href":"https:\/\/www.titta-tiernahrung.de\/wp\/wp-json\/wp\/v2\/types\/product"}],"replies":[{"embeddable":true,"href":"https:\/\/www.titta-tiernahrung.de\/wp\/wp-json\/wp\/v2\/comments?post=15500"}],"wp:featuredmedia":[{"embeddable":true,"href":"https:\/\/www.titta-tiernahrung.de\/wp\/wp-json\/wp\/v2\/media\/15520"}],"wp:attachment":[{"href":"https:\/\/www.titta-tiernahrung.de\/wp\/wp-json\/wp\/v2\/media?parent=15500"}],"wp:term":[{"taxonomy":"product_brand","embeddable":true,"href":"https:\/\/www.titta-tiernahrung.de\/wp\/wp-json\/wp\/v2\/product_brand?post=15500"},{"taxonomy":"product_cat","embeddable":true,"href":"https:\/\/www.titta-tiernahrung.de\/wp\/wp-json\/wp\/v2\/product_cat?post=15500"},{"taxonomy":"product_tag","embeddable":true,"href":"https:\/\/www.titta-tiernahrung.de\/wp\/wp-json\/wp\/v2\/product_tag?post=15500"}],"curies":[{"name":"wp","href":"https:\/\/api.w.org\/{rel}","templated":true}]}}