{"id":15716,"date":"2022-02-03T16:21:10","date_gmt":"2022-02-03T15:21:10","guid":{"rendered":"https:\/\/www.titta-tiernahrung.de\/wp\/?post_type=product&#038;p=15716"},"modified":"2025-03-14T17:52:25","modified_gmt":"2025-03-14T16:52:25","slug":"hundegenuss-wurst-probierset-200g","status":"publish","type":"product","link":"https:\/\/www.titta-tiernahrung.de\/wp\/produkt\/hundegenuss-wurst-probierset-200g\/","title":{"rendered":"Hundegenuss Wurst Probierset"},"content":{"rendered":"<div id=\"ui-accordion-1-panel-0\" class=\"accordion ui-accordion-content ui-helper-reset ui-widget-content ui-corner-bottom ui-accordion-content-active\" role=\"tabpanel\" aria-labelledby=\"ui-accordion-1-header-0\" aria-expanded=\"true\" aria-hidden=\"false\">\n<div>\n<div id=\"ui-accordion-1-panel-1\" class=\"accordion ui-accordion-content ui-helper-reset ui-widget-content ui-corner-bottom ui-accordion-content-active\" role=\"tabpanel\" aria-labelledby=\"ui-accordion-1-header-1\" aria-expanded=\"true\" aria-hidden=\"false\">\n<div>\n<p>&nbsp;<\/p>\n<div class=\"ce_text bordered block\">\n<div><\/div>\n<\/div>\n<div class=\"ce_text bordered block\">\n<div>\n<p>&nbsp;<\/p>\n<\/div>\n<\/div>\n<\/div>\n<\/div>\n<\/div>\n<\/div>\n","protected":false},"excerpt":{"rendered":"<div tabindex=\"0\" role=\"tab\" aria-controls=\"ui-accordion-1-panel-0\" aria-selected=\"true\">\n<p>Artgerechte Zusammensetzung<\/p>\n<\/div>\n<div id=\"ui-accordion-1-panel-0\" class=\"accordion ui-accordion-content ui-helper-reset ui-widget-content ui-corner-bottom ui-accordion-content-active\" role=\"tabpanel\" aria-labelledby=\"ui-accordion-1-header-0\" aria-expanded=\"true\" aria-hidden=\"false\">\n<div>\n<p>Mit Animal Premium Food W\u00fcrsten f\u00fcr Hunde treffen Sie mit Sicherheit den Geschmack Ihrer Fellnase, denn alle unsere Produkte erf\u00fcllen h\u00f6chste Qualit\u00e4tsstandards f\u00fcr eine naturgetreue und artgerechte Ern\u00e4hrung Ihres Hundes. Das Probierset ist ideal, um unsere Hundewurst Produkte kennenzulernen.<\/p>\n<p>Durch die gro\u00dfe Auswahl an verschiedenen Sorten ist f\u00fcr eine abwechslungsreiche und ausgewogene Ern\u00e4hrung gesorgt. Au\u00dferdem sind unsere Hundew\u00fcrste besonders praktisch und umweltschonend verpackt.<\/p>\n<p>Das Probierset besteht aus:<\/p>\n<p>1 Hundewurst Gefl\u00fcgeltopf<\/p>\n<p>1 Hundewurst Rindermen\u00fc<\/p>\n<p>1 Hundewurst Schlemmerteller<\/p>\n<p>1 Hundewurst Wildschmaus<\/p>\n<p>2 Hundew\u00fcrste Lachsterrine<\/p>\n<p>&nbsp;<\/p>\n<\/div>\n<\/div>\n","protected":false},"featured_media":15720,"comment_status":"open","ping_status":"closed","template":"","meta":[],"product_brand":[],"product_cat":[32,40,52],"product_tag":[60,177,142,139,66,120,146],"class_list":{"0":"post-15716","1":"product","2":"type-product","3":"status-publish","4":"has-post-thumbnail","6":"product_cat-hunde","7":"product_cat-nahrung-hunde","8":"product_cat-nassnahrung","9":"product_tag-hundefutter","10":"product_tag-im-alukaschierten-kunstdarm","11":"product_tag-lebensmittelqualitaet","12":"product_tag-nassfutter","13":"product_tag-ohne-chemie","14":"product_tag-ohne-konservierungsstoffe","15":"product_tag-sehr-hoher-fleischanteil","17":"first","18":"instock","19":"taxable","20":"shipping-taxable","21":"purchasable","22":"product-type-variable"},"_links":{"self":[{"href":"https:\/\/www.titta-tiernahrung.de\/wp\/wp-json\/wp\/v2\/product\/15716","targetHints":{"allow":["GET"]}}],"collection":[{"href":"https:\/\/www.titta-tiernahrung.de\/wp\/wp-json\/wp\/v2\/product"}],"about":[{"href":"https:\/\/www.titta-tiernahrung.de\/wp\/wp-json\/wp\/v2\/types\/product"}],"replies":[{"embeddable":true,"href":"https:\/\/www.titta-tiernahrung.de\/wp\/wp-json\/wp\/v2\/comments?post=15716"}],"wp:featuredmedia":[{"embeddable":true,"href":"https:\/\/www.titta-tiernahrung.de\/wp\/wp-json\/wp\/v2\/media\/15720"}],"wp:attachment":[{"href":"https:\/\/www.titta-tiernahrung.de\/wp\/wp-json\/wp\/v2\/media?parent=15716"}],"wp:term":[{"taxonomy":"product_brand","embeddable":true,"href":"https:\/\/www.titta-tiernahrung.de\/wp\/wp-json\/wp\/v2\/product_brand?post=15716"},{"taxonomy":"product_cat","embeddable":true,"href":"https:\/\/www.titta-tiernahrung.de\/wp\/wp-json\/wp\/v2\/product_cat?post=15716"},{"taxonomy":"product_tag","embeddable":true,"href":"https:\/\/www.titta-tiernahrung.de\/wp\/wp-json\/wp\/v2\/product_tag?post=15716"}],"curies":[{"name":"wp","href":"https:\/\/api.w.org\/{rel}","templated":true}]}}