{"id":15733,"date":"2022-02-22T18:01:42","date_gmt":"2022-02-22T17:01:42","guid":{"rendered":"https:\/\/www.titta-tiernahrung.de\/wp\/?post_type=product&#038;p=15733"},"modified":"2022-02-22T18:17:33","modified_gmt":"2022-02-22T17:17:33","slug":"hundenapf-butterfly","status":"publish","type":"product","link":"https:\/\/www.titta-tiernahrung.de\/wp\/produkt\/hundenapf-butterfly\/","title":{"rendered":"Hundenapf &#8222;Butterfly&#8220;"},"content":{"rendered":"","protected":false},"excerpt":{"rendered":"<p>Produktinformationen &#8222;&#8220;Butterfly&#8220;, Edelstahl und Melamin&#8220;<\/p>\n<p>Der Edelstahl- und Melaminnapf &#8222;Butterfly&#8220; ist von au\u00dfen mit kratzfestem, robusten Melamin versehen. Durch die herausnehmbaren Edelstahln\u00e4pfe ist eine Reinigung leicht durchzuf\u00fchren. Der Napf ist rutschfest und sp\u00fclmaschinengeeignet und eignet sich daher ideal zur Erg\u00e4nzung jeder Grundausstattung, sowohl zu Hause als auch unterwegs.<\/p>\n","protected":false},"featured_media":15734,"comment_status":"open","ping_status":"closed","template":"","meta":[],"product_brand":[],"product_cat":[32,175],"product_tag":[314,315],"class_list":{"0":"post-15733","1":"product","2":"type-product","3":"status-publish","4":"has-post-thumbnail","6":"product_cat-hunde","7":"product_cat-naepfe","8":"product_tag-hunde","9":"product_tag-hundenaepfe","11":"first","12":"instock","13":"taxable","14":"shipping-taxable","15":"purchasable","16":"product-type-simple"},"_links":{"self":[{"href":"https:\/\/www.titta-tiernahrung.de\/wp\/wp-json\/wp\/v2\/product\/15733","targetHints":{"allow":["GET"]}}],"collection":[{"href":"https:\/\/www.titta-tiernahrung.de\/wp\/wp-json\/wp\/v2\/product"}],"about":[{"href":"https:\/\/www.titta-tiernahrung.de\/wp\/wp-json\/wp\/v2\/types\/product"}],"replies":[{"embeddable":true,"href":"https:\/\/www.titta-tiernahrung.de\/wp\/wp-json\/wp\/v2\/comments?post=15733"}],"wp:featuredmedia":[{"embeddable":true,"href":"https:\/\/www.titta-tiernahrung.de\/wp\/wp-json\/wp\/v2\/media\/15734"}],"wp:attachment":[{"href":"https:\/\/www.titta-tiernahrung.de\/wp\/wp-json\/wp\/v2\/media?parent=15733"}],"wp:term":[{"taxonomy":"product_brand","embeddable":true,"href":"https:\/\/www.titta-tiernahrung.de\/wp\/wp-json\/wp\/v2\/product_brand?post=15733"},{"taxonomy":"product_cat","embeddable":true,"href":"https:\/\/www.titta-tiernahrung.de\/wp\/wp-json\/wp\/v2\/product_cat?post=15733"},{"taxonomy":"product_tag","embeddable":true,"href":"https:\/\/www.titta-tiernahrung.de\/wp\/wp-json\/wp\/v2\/product_tag?post=15733"}],"curies":[{"name":"wp","href":"https:\/\/api.w.org\/{rel}","templated":true}]}}