{"id":16069,"date":"2022-12-16T16:23:28","date_gmt":"2022-12-16T15:23:28","guid":{"rendered":"https:\/\/www.titta-tiernahrung.de\/wp\/?post_type=product&#038;p=16069"},"modified":"2026-04-09T15:04:13","modified_gmt":"2026-04-09T13:04:13","slug":"titta-mein-lieblingshund-wild-adult","status":"publish","type":"product","link":"https:\/\/www.titta-tiernahrung.de\/wp\/produkt\/titta-mein-lieblingshund-wild-adult\/","title":{"rendered":"Titta Mein Lieblingshund Wild adult"},"content":{"rendered":"","protected":false},"excerpt":{"rendered":"<p><strong>Produktdetails f\u00fcr Grain free-Hundefutter der Marke \u201eTitta Mein Lieblingshund\u201c<\/strong><\/p>\n<p>Unsere Premium Trockennahrung wird mit einer extra f\u00fcr diese Fertigung patentierten Maschine gefertigt. Sie erm\u00f6glicht es, in einem speziellen Verfahren einen hohen Anteil von Frischfleisch zu verarbeiten, welches die Qualit\u00e4t unserer Produkte, zu Produkten der Spitzenqualit\u00e4t werden l\u00e4sst.<\/p>\n<p>Die Zutaten werden durch zwei unabh\u00e4ngig voneinander arbeitenden Antriebswellen behutsam vermischt. Die reduzierte mechanische Energie gew\u00e4hrleistet eine weniger aggressive Zubereitung, im Vergleich zu traditionellen R\u00fchrwerken. So wird z.B. verhindert, dass die Kohlenhydrate bei der Verarbeitung der S\u00fc\u00dfkartoffeln verkleben.<\/p>\n<p>Durch ein neu entwickeltes Dampfgarverfahren, gepaart mit einer speziellen R\u00fchrtechnik, welches auf die jeweilige Rezeptur eingestellt ist, wird eine besonders Zutaten schonende Herstellung erm\u00f6glicht und die nat\u00fcrlichen Vitamine und Mineralien bleiben zu \u00fcber 90% in der Tiernahrung erhalten.<\/p>\n<p>Diese Technologie erm\u00f6glicht eine Verarbeitung von bis zu 70% Frischfleisch, bei der die nat\u00fcrlichen Strukturen weitestgehend erhalten bleiben. Ebenso bleiben bei der thermischen Aufschl\u00fcsselung der St\u00e4rke, die funktionalen und organoleptischen Eigenschaften erhalten.<\/p>\n<p><strong>Produktdetails f\u00fcr Wild mit S\u00fc\u00dfkartoffel und Maulbeere<br \/>\n<\/strong><\/p>\n<p><span dir=\"ltr\" role=\"presentation\">Wild ist eine n\u00e4hrstoffreiche, ausgewogene Proteinquelle f\u00fcr<br \/>\nEisen und B-Vitamine wie B6 und B12, die zu einem starken<br \/>\nund gesunden Immunsystem beitragen k\u00f6nnen.<\/span><\/p>\n<p><span dir=\"ltr\" role=\"presentation\">S\u00fc\u00dfkartoffeln<\/span> <span dir=\"ltr\" role=\"presentation\">sind fettarm und f\u00f6rdern dank ihres hohen<\/span><br role=\"presentation\" \/><span dir=\"ltr\" role=\"presentation\">Anteils an Ballaststoffen eine gesunde Verdauung.<\/span><\/p>\n<p><span dir=\"ltr\" role=\"presentation\">Maulbeere ist eine gute Quelle f\u00fcr Eisen und Vitamin C, ein<br \/>\nwichtiges Antioxidans zur Unterst\u00fctzung des Immunsystems.<\/span><\/p>\n","protected":false},"featured_media":16074,"comment_status":"open","ping_status":"closed","template":"","meta":[],"product_brand":[],"product_cat":[32,40,53],"product_tag":[136,61,609,101,60,133,135,138,66,59,62,605],"class_list":{"0":"post-16069","1":"product","2":"type-product","3":"status-publish","4":"has-post-thumbnail","6":"product_cat-hunde","7":"product_cat-nahrung-hunde","8":"product_cat-trockennahrung","9":"product_tag-adult","10":"product_tag-futter","11":"product_tag-grain-free","12":"product_tag-hoher-fleischanteil","13":"product_tag-hundefutter","14":"product_tag-mein-lieblingshund","15":"product_tag-mit-frischfleisch","16":"product_tag-mit-suesskartoffel","17":"product_tag-ohne-chemie","18":"product_tag-premium","19":"product_tag-trockenfutter","20":"product_tag-wild","22":"first","23":"instock","24":"taxable","25":"shipping-taxable","26":"purchasable","27":"product-type-variable"},"_links":{"self":[{"href":"https:\/\/www.titta-tiernahrung.de\/wp\/wp-json\/wp\/v2\/product\/16069","targetHints":{"allow":["GET"]}}],"collection":[{"href":"https:\/\/www.titta-tiernahrung.de\/wp\/wp-json\/wp\/v2\/product"}],"about":[{"href":"https:\/\/www.titta-tiernahrung.de\/wp\/wp-json\/wp\/v2\/types\/product"}],"replies":[{"embeddable":true,"href":"https:\/\/www.titta-tiernahrung.de\/wp\/wp-json\/wp\/v2\/comments?post=16069"}],"wp:featuredmedia":[{"embeddable":true,"href":"https:\/\/www.titta-tiernahrung.de\/wp\/wp-json\/wp\/v2\/media\/16074"}],"wp:attachment":[{"href":"https:\/\/www.titta-tiernahrung.de\/wp\/wp-json\/wp\/v2\/media?parent=16069"}],"wp:term":[{"taxonomy":"product_brand","embeddable":true,"href":"https:\/\/www.titta-tiernahrung.de\/wp\/wp-json\/wp\/v2\/product_brand?post=16069"},{"taxonomy":"product_cat","embeddable":true,"href":"https:\/\/www.titta-tiernahrung.de\/wp\/wp-json\/wp\/v2\/product_cat?post=16069"},{"taxonomy":"product_tag","embeddable":true,"href":"https:\/\/www.titta-tiernahrung.de\/wp\/wp-json\/wp\/v2\/product_tag?post=16069"}],"curies":[{"name":"wp","href":"https:\/\/api.w.org\/{rel}","templated":true}]}}