{"id":233,"date":"2018-03-07T14:27:26","date_gmt":"2018-03-07T13:27:26","guid":{"rendered":"http:\/\/www.titta-tiernahrung.de\/wp\/?post_type=product&#038;p=233"},"modified":"2023-10-27T14:00:45","modified_gmt":"2023-10-27T12:00:45","slug":"hundegenuss-300g-glas-rind-mit-gruenlippmuschel","status":"publish","type":"product","link":"https:\/\/www.titta-tiernahrung.de\/wp\/produkt\/hundegenuss-300g-glas-rind-mit-gruenlippmuschel\/","title":{"rendered":"Hundegenuss 6 x 300g Glas Rind mit Gr\u00fcnlippmuschel"},"content":{"rendered":"","protected":false},"excerpt":{"rendered":"<div tabindex=\"0\" role=\"tab\" aria-controls=\"ui-accordion-1-panel-0\" aria-selected=\"true\">\n<h1>Gourmet Rind mit Gr\u00fcnlippmuscheln<\/h1>\n<\/div>\n<div id=\"ui-accordion-1-header-0\" class=\"toggler ui-accordion-header ui-helper-reset ui-state-default ui-accordion-header-active ui-state-active ui-corner-top ui-accordion-icons\" tabindex=\"0\" role=\"tab\" aria-controls=\"ui-accordion-1-panel-0\" aria-selected=\"true\">Artgerechte Zusammensetzung<\/div>\n<div id=\"ui-accordion-1-panel-0\" class=\"accordion ui-accordion-content ui-helper-reset ui-widget-content ui-corner-bottom ui-accordion-content-active\" role=\"tabpanel\" aria-labelledby=\"ui-accordion-1-header-0\" aria-expanded=\"true\" aria-hidden=\"false\">\n<div>\n<p>&#8211; Sorgf\u00e4ltige Auswahl der Rohstoffe und Zutaten aus der Lebensmittelproduktion<br \/>\n&#8211; Mit wissenschaftlicher Beratung haben wir unsere Men\u00fcs so zusammengestellt,<br \/>\ndass ihre Zusammensetzung weitgehend dem nat\u00fcrlichen Beutetier entspricht.<br \/>\n&#8211; Unsere Men\u00fcs bestehen aus 60-68 % Fleischanteil<br \/>\n&#8211; Die Natur und die nat\u00fcrliche Ern\u00e4hrung sind uns hier Vorbild<\/p>\n<\/div>\n<div id=\"ui-accordion-1-header-1\" class=\"toggler ui-accordion-header ui-helper-reset ui-state-default ui-accordion-icons ui-accordion-header-active ui-state-active ui-corner-top active\" tabindex=\"0\" role=\"tab\" aria-controls=\"ui-accordion-1-panel-1\" aria-selected=\"true\">Wir verzichten auf&#8230;<\/div>\n<div id=\"ui-accordion-1-panel-1\" class=\"accordion ui-accordion-content ui-helper-reset ui-widget-content ui-corner-bottom ui-accordion-content-active\" role=\"tabpanel\" aria-labelledby=\"ui-accordion-1-header-1\" aria-expanded=\"true\" aria-hidden=\"false\">\n<div>\n<p>&#8211; Alle Farb-, Konservierungs- und Aromastoffe, sowie alle chemischen Zus\u00e4tze und<br \/>\nZutaten<br \/>\n&#8211; Tier- und Knochenmehle<br \/>\n&#8211; Minderwertige tierische Nebenerzeugnisse und Schlachtabf\u00e4lle<\/p>\n<\/div>\n<\/div>\n<\/div>\n<p>Rindfleisch pur, angereichert mit Gr\u00fcnlippmuscheln. Abgef\u00fcllt in einem wiederverschlie\u00dfbaren Glas &#8211; Keine unangenehmen Ger\u00fcche!<\/p>\n<p>2 Jahre Haltbarkeit<\/p>\n","protected":false},"featured_media":16054,"comment_status":"open","ping_status":"closed","template":"","meta":[],"product_brand":[],"product_cat":[32,40,52],"product_tag":[60,143,142,139,178,66,120,146],"class_list":{"0":"post-233","1":"product","2":"type-product","3":"status-publish","4":"has-post-thumbnail","6":"product_cat-hunde","7":"product_cat-nahrung-hunde","8":"product_cat-nassnahrung","9":"product_tag-hundefutter","10":"product_tag-im-glas","11":"product_tag-lebensmittelqualitaet","12":"product_tag-nassfutter","13":"product_tag-natuerlich","14":"product_tag-ohne-chemie","15":"product_tag-ohne-konservierungsstoffe","16":"product_tag-sehr-hoher-fleischanteil","18":"first","19":"instock","20":"taxable","21":"shipping-taxable","22":"purchasable","23":"product-type-simple"},"_links":{"self":[{"href":"https:\/\/www.titta-tiernahrung.de\/wp\/wp-json\/wp\/v2\/product\/233","targetHints":{"allow":["GET"]}}],"collection":[{"href":"https:\/\/www.titta-tiernahrung.de\/wp\/wp-json\/wp\/v2\/product"}],"about":[{"href":"https:\/\/www.titta-tiernahrung.de\/wp\/wp-json\/wp\/v2\/types\/product"}],"replies":[{"embeddable":true,"href":"https:\/\/www.titta-tiernahrung.de\/wp\/wp-json\/wp\/v2\/comments?post=233"}],"wp:featuredmedia":[{"embeddable":true,"href":"https:\/\/www.titta-tiernahrung.de\/wp\/wp-json\/wp\/v2\/media\/16054"}],"wp:attachment":[{"href":"https:\/\/www.titta-tiernahrung.de\/wp\/wp-json\/wp\/v2\/media?parent=233"}],"wp:term":[{"taxonomy":"product_brand","embeddable":true,"href":"https:\/\/www.titta-tiernahrung.de\/wp\/wp-json\/wp\/v2\/product_brand?post=233"},{"taxonomy":"product_cat","embeddable":true,"href":"https:\/\/www.titta-tiernahrung.de\/wp\/wp-json\/wp\/v2\/product_cat?post=233"},{"taxonomy":"product_tag","embeddable":true,"href":"https:\/\/www.titta-tiernahrung.de\/wp\/wp-json\/wp\/v2\/product_tag?post=233"}],"curies":[{"name":"wp","href":"https:\/\/api.w.org\/{rel}","templated":true}]}}