{"id":2694,"date":"2019-07-29T18:29:43","date_gmt":"2019-07-29T16:29:43","guid":{"rendered":"https:\/\/www.titta-tiernahrung.de\/wp\/?post_type=product&#038;p=2694"},"modified":"2023-11-09T14:02:19","modified_gmt":"2023-11-09T13:02:19","slug":"rindergaumenfleisch-200g-getrocknet","status":"publish","type":"product","link":"https:\/\/www.titta-tiernahrung.de\/wp\/produkt\/rindergaumenfleisch-200g-getrocknet\/","title":{"rendered":"Rindergaumenfleisch 200g getrocknet"},"content":{"rendered":"","protected":false},"excerpt":{"rendered":"<p>Rindergaumenfleisch aus kontrollierer deutscher Schlachtung. Einzelfuttermittel, Kauartikel. K\u00fchl und trocken lagern.<br \/>\nKonsistenz, etwas h\u00e4rter, Kauspa\u00df f\u00fcr Genie\u00dfer durchaus l\u00e4nger, f\u00fcr gr\u00f6\u00dfere Hunde und Welpen gro\u00dfer Hunde geeignet.<\/p>\n<p>Naturkauartikel werden nicht maschinell hergestellt.<\/p>\n<p>Form, Farbe, Gr\u00f6\u00dfe und Gewicht k\u00f6nnen variabel sein.<\/p>\n","protected":false},"featured_media":2695,"comment_status":"open","ping_status":"closed","template":"","meta":[],"product_brand":[],"product_cat":[32,40,50],"product_tag":[166,432,433],"class_list":{"0":"post-2694","1":"product","2":"type-product","3":"status-publish","4":"has-post-thumbnail","6":"product_cat-hunde","7":"product_cat-nahrung-hunde","8":"product_cat-kauartikel","9":"product_tag-kauartikel","10":"product_tag-rind","11":"product_tag-rindergaumenfleisch","13":"first","14":"outofstock","15":"taxable","16":"shipping-taxable","17":"purchasable","18":"product-type-simple"},"_links":{"self":[{"href":"https:\/\/www.titta-tiernahrung.de\/wp\/wp-json\/wp\/v2\/product\/2694","targetHints":{"allow":["GET"]}}],"collection":[{"href":"https:\/\/www.titta-tiernahrung.de\/wp\/wp-json\/wp\/v2\/product"}],"about":[{"href":"https:\/\/www.titta-tiernahrung.de\/wp\/wp-json\/wp\/v2\/types\/product"}],"replies":[{"embeddable":true,"href":"https:\/\/www.titta-tiernahrung.de\/wp\/wp-json\/wp\/v2\/comments?post=2694"}],"wp:featuredmedia":[{"embeddable":true,"href":"https:\/\/www.titta-tiernahrung.de\/wp\/wp-json\/wp\/v2\/media\/2695"}],"wp:attachment":[{"href":"https:\/\/www.titta-tiernahrung.de\/wp\/wp-json\/wp\/v2\/media?parent=2694"}],"wp:term":[{"taxonomy":"product_brand","embeddable":true,"href":"https:\/\/www.titta-tiernahrung.de\/wp\/wp-json\/wp\/v2\/product_brand?post=2694"},{"taxonomy":"product_cat","embeddable":true,"href":"https:\/\/www.titta-tiernahrung.de\/wp\/wp-json\/wp\/v2\/product_cat?post=2694"},{"taxonomy":"product_tag","embeddable":true,"href":"https:\/\/www.titta-tiernahrung.de\/wp\/wp-json\/wp\/v2\/product_tag?post=2694"}],"curies":[{"name":"wp","href":"https:\/\/api.w.org\/{rel}","templated":true}]}}