{"id":3033,"date":"2019-08-08T17:53:19","date_gmt":"2019-08-08T15:53:19","guid":{"rendered":"https:\/\/www.titta-tiernahrung.de\/wp\/?post_type=product&#038;p=3033"},"modified":"2025-02-11T18:11:35","modified_gmt":"2025-02-11T17:11:35","slug":"huehnerfuesse-200g","status":"publish","type":"product","link":"https:\/\/www.titta-tiernahrung.de\/wp\/produkt\/huehnerfuesse-200g\/","title":{"rendered":"H\u00fchnerf\u00fc\u00dfe 200g"},"content":{"rendered":"","protected":false},"excerpt":{"rendered":"<p>H\u00fchnerf\u00fc\u00dfe getrocknet, Einzelfuttermittel, Kauartikel. K\u00fchl und trocken lagern.<br \/>\nKonsistenz, etwas h\u00e4rter, Kauspa\u00df f\u00fcr Genie\u00dfer durchaus l\u00e4nger, f\u00fcr adulte Hunde geeignet.<\/p>\n<p>H\u00fchnerf\u00fc\u00dfe sind Naturprodukte,<\/p>\n<p>Form, Farbe, Gr\u00f6\u00dfe und Gewicht k\u00f6nnen variabel sein.<\/p>\n","protected":false},"featured_media":15834,"comment_status":"open","ping_status":"closed","template":"","meta":[],"product_brand":[],"product_cat":[32,50],"product_tag":[446,166,235],"class_list":{"0":"post-3033","1":"product","2":"type-product","3":"status-publish","4":"has-post-thumbnail","6":"product_cat-hunde","7":"product_cat-kauartikel","8":"product_tag-huehnerfuesse","9":"product_tag-kauartikel","10":"product_tag-naturprodukt","12":"first","13":"outofstock","14":"taxable","15":"shipping-taxable","16":"purchasable","17":"product-type-simple"},"_links":{"self":[{"href":"https:\/\/www.titta-tiernahrung.de\/wp\/wp-json\/wp\/v2\/product\/3033","targetHints":{"allow":["GET"]}}],"collection":[{"href":"https:\/\/www.titta-tiernahrung.de\/wp\/wp-json\/wp\/v2\/product"}],"about":[{"href":"https:\/\/www.titta-tiernahrung.de\/wp\/wp-json\/wp\/v2\/types\/product"}],"replies":[{"embeddable":true,"href":"https:\/\/www.titta-tiernahrung.de\/wp\/wp-json\/wp\/v2\/comments?post=3033"}],"wp:featuredmedia":[{"embeddable":true,"href":"https:\/\/www.titta-tiernahrung.de\/wp\/wp-json\/wp\/v2\/media\/15834"}],"wp:attachment":[{"href":"https:\/\/www.titta-tiernahrung.de\/wp\/wp-json\/wp\/v2\/media?parent=3033"}],"wp:term":[{"taxonomy":"product_brand","embeddable":true,"href":"https:\/\/www.titta-tiernahrung.de\/wp\/wp-json\/wp\/v2\/product_brand?post=3033"},{"taxonomy":"product_cat","embeddable":true,"href":"https:\/\/www.titta-tiernahrung.de\/wp\/wp-json\/wp\/v2\/product_cat?post=3033"},{"taxonomy":"product_tag","embeddable":true,"href":"https:\/\/www.titta-tiernahrung.de\/wp\/wp-json\/wp\/v2\/product_tag?post=3033"}],"curies":[{"name":"wp","href":"https:\/\/api.w.org\/{rel}","templated":true}]}}