{"id":3274,"date":"2019-08-15T18:42:59","date_gmt":"2019-08-15T16:42:59","guid":{"rendered":"https:\/\/www.titta-tiernahrung.de\/wp\/?post_type=product&#038;p=3274"},"modified":"2023-06-20T17:01:18","modified_gmt":"2023-06-20T15:01:18","slug":"spielseil-minze-48cm","status":"publish","type":"product","link":"https:\/\/www.titta-tiernahrung.de\/wp\/produkt\/spielseil-minze-48cm\/","title":{"rendered":"Spielseil Minze 48 cm"},"content":{"rendered":"","protected":false},"excerpt":{"rendered":"<p>Karlie Baumwollknoten Minze &#8211; Hundespielzeug &#8211; Baumwolle &#8211; Gr\u00fcn\/Wei\u00df &#8211; 48 x 11 cm<\/p>\n<p>Der Karlie Baumwollknoten mit Minzgeschmack ist perfekt f\u00fcr gemeinsame Spielrunden mit Ihrem Hund. Sie k\u00f6nnen das Baumwollseil zum Apportieren oder f\u00fcr Zerrspiele verwenden. Das Seil besteht aus stabilen Baumwollf\u00e4den. Diese reinigen auf spielerische Weise das Gebiss des Hundes. Der Karlie Baumwollknoten ist auch aufgrund des hinzugef\u00fcgten Minzgeschmacks k\u00f6stlich lecker. &#8211; Aus Baumwolle &#8211; Mit zahnreinigender Wirkung &#8211; Mit Minzgeschmack &#8211; Erh\u00e4ltlich in 2 verschiedenen Gr\u00f6\u00dfen<\/p>\n<p>Gr\u00f6\u00dfe: ca 48 cm<\/p>\n<p>&nbsp;<\/p>\n<p>Sie sind f\u00fcr die Sicherheit Ihres Hundes verantwortlich. Kein Hundespielzeug ist unzerst\u00f6rbar! Lassen Sie Ihren Hund nicht ohne Aufsicht spielen, oder mit Spielzeug allein. Besch\u00e4digtes Spielzeug sofort entfernen und durch neues ersetzten. Gehen sie sicher, da\u00df Ihr Hund keine Spielzeugteile verschluckt. Falls Sie sich nicht sicher sind, kontaktieren Sie Ihren Tierarzt.<\/p>\n","protected":false},"featured_media":15919,"comment_status":"open","ping_status":"closed","template":"","meta":[],"product_brand":[],"product_cat":[32,285],"product_tag":[308,463,360],"class_list":{"0":"post-3274","1":"product","2":"type-product","3":"status-publish","4":"has-post-thumbnail","6":"product_cat-hunde","7":"product_cat-spielzeug-hunde","8":"product_tag-hundespielzeug","9":"product_tag-spielseil","10":"product_tag-spielzeug","12":"first","13":"instock","14":"taxable","15":"shipping-taxable","16":"purchasable","17":"product-type-simple"},"_links":{"self":[{"href":"https:\/\/www.titta-tiernahrung.de\/wp\/wp-json\/wp\/v2\/product\/3274","targetHints":{"allow":["GET"]}}],"collection":[{"href":"https:\/\/www.titta-tiernahrung.de\/wp\/wp-json\/wp\/v2\/product"}],"about":[{"href":"https:\/\/www.titta-tiernahrung.de\/wp\/wp-json\/wp\/v2\/types\/product"}],"replies":[{"embeddable":true,"href":"https:\/\/www.titta-tiernahrung.de\/wp\/wp-json\/wp\/v2\/comments?post=3274"}],"wp:featuredmedia":[{"embeddable":true,"href":"https:\/\/www.titta-tiernahrung.de\/wp\/wp-json\/wp\/v2\/media\/15919"}],"wp:attachment":[{"href":"https:\/\/www.titta-tiernahrung.de\/wp\/wp-json\/wp\/v2\/media?parent=3274"}],"wp:term":[{"taxonomy":"product_brand","embeddable":true,"href":"https:\/\/www.titta-tiernahrung.de\/wp\/wp-json\/wp\/v2\/product_brand?post=3274"},{"taxonomy":"product_cat","embeddable":true,"href":"https:\/\/www.titta-tiernahrung.de\/wp\/wp-json\/wp\/v2\/product_cat?post=3274"},{"taxonomy":"product_tag","embeddable":true,"href":"https:\/\/www.titta-tiernahrung.de\/wp\/wp-json\/wp\/v2\/product_tag?post=3274"}],"curies":[{"name":"wp","href":"https:\/\/api.w.org\/{rel}","templated":true}]}}