{"id":589,"date":"2018-04-13T18:34:25","date_gmt":"2018-04-13T16:34:25","guid":{"rendered":"http:\/\/www.titta-tiernahrung.de\/wp\/?post_type=product&#038;p=589"},"modified":"2023-02-14T18:40:06","modified_gmt":"2023-02-14T17:40:06","slug":"fleece-jacke-kenai","status":"publish","type":"product","link":"https:\/\/www.titta-tiernahrung.de\/wp\/produkt\/fleece-jacke-kenai\/","title":{"rendered":"Fleece Jacke Kenai"},"content":{"rendered":"","protected":false},"excerpt":{"rendered":"<p>Warme Damen Fleece Jacke f\u00fcr den \u00dcbergang und k\u00fchle Sommertage gerade geschnitten, mit zwei Seitentaschen. Der Saum ist schwarz abgesetzt. Mit Stehkragen.<\/p>\n<p>Gr\u00f6\u00dfe: XS<br \/>\nFarbe: rot<\/p>\n<p>nur so lange der Vorat reicht.<\/p>\n","protected":false},"featured_media":590,"comment_status":"open","ping_status":"closed","template":"","meta":[],"product_brand":[],"product_cat":[34,45],"product_tag":[298,297,240],"class_list":{"0":"post-589","1":"product","2":"type-product","3":"status-publish","4":"has-post-thumbnail","6":"product_cat-outdoor","7":"product_cat-jacken","8":"product_tag-fleece","9":"product_tag-jacke","10":"product_tag-outdoor","12":"first","13":"instock","14":"taxable","15":"shipping-taxable","16":"purchasable","17":"product-type-simple"},"_links":{"self":[{"href":"https:\/\/www.titta-tiernahrung.de\/wp\/wp-json\/wp\/v2\/product\/589","targetHints":{"allow":["GET"]}}],"collection":[{"href":"https:\/\/www.titta-tiernahrung.de\/wp\/wp-json\/wp\/v2\/product"}],"about":[{"href":"https:\/\/www.titta-tiernahrung.de\/wp\/wp-json\/wp\/v2\/types\/product"}],"replies":[{"embeddable":true,"href":"https:\/\/www.titta-tiernahrung.de\/wp\/wp-json\/wp\/v2\/comments?post=589"}],"wp:featuredmedia":[{"embeddable":true,"href":"https:\/\/www.titta-tiernahrung.de\/wp\/wp-json\/wp\/v2\/media\/590"}],"wp:attachment":[{"href":"https:\/\/www.titta-tiernahrung.de\/wp\/wp-json\/wp\/v2\/media?parent=589"}],"wp:term":[{"taxonomy":"product_brand","embeddable":true,"href":"https:\/\/www.titta-tiernahrung.de\/wp\/wp-json\/wp\/v2\/product_brand?post=589"},{"taxonomy":"product_cat","embeddable":true,"href":"https:\/\/www.titta-tiernahrung.de\/wp\/wp-json\/wp\/v2\/product_cat?post=589"},{"taxonomy":"product_tag","embeddable":true,"href":"https:\/\/www.titta-tiernahrung.de\/wp\/wp-json\/wp\/v2\/product_tag?post=589"}],"curies":[{"name":"wp","href":"https:\/\/api.w.org\/{rel}","templated":true}]}}