{"id":615,"date":"2018-04-27T16:53:42","date_gmt":"2018-04-27T14:53:42","guid":{"rendered":"http:\/\/www.titta-tiernahrung.de\/wp\/?post_type=product&#038;p=615"},"modified":"2023-05-09T17:59:50","modified_gmt":"2023-05-09T15:59:50","slug":"geschirr-cover-l","status":"publish","type":"product","link":"https:\/\/www.titta-tiernahrung.de\/wp\/produkt\/geschirr-cover-l\/","title":{"rendered":"Geschirr Cover L"},"content":{"rendered":"","protected":false},"excerpt":{"rendered":"<p>Zur Grundausstattung f\u00fcr einen Hund geh\u00f6rt ein robustes, alltagstaugliches Geschirr. Die Linie &#8222;Cover&#8220; zeichnet sich durch seine Witterungsbest\u00e4ndigkeit aus, da sie sowohl wasserfest, als auch UV-best\u00e4ndig ist und dabei ihre Geschmeidigkeit beh\u00e4lt. Dieses Geschirr ist mit Neopren im Brust-, Hals- und Schulterbereich gepolstert und durch das Polyestergewebe, welches mit PVC ummantelt ist, sehr belastbar und langlebig.<\/p>\n<p>&nbsp;<\/p>\n<ul>\n<li>Polyestergewebe mit PVC-Ummantelung<\/li>\n<li>mit Neopren gepolstert<\/li>\n<li>optimaler Tragekomfort<\/li>\n<li>Bauchgurt stufenlos verstellbar<\/li>\n<li>langlebig und belastbar<\/li>\n<li>wasserfest, antibakteriell und UV-best\u00e4ndig<\/li>\n<li>Breite 25mm Brustumfang 60 &#8211; 90cm<\/li>\n<\/ul>\n","protected":false},"featured_media":609,"comment_status":"open","ping_status":"closed","template":"","meta":[],"product_brand":[],"product_cat":[32,42,44,48],"product_tag":[263,306],"class_list":{"0":"post-615","1":"product","2":"type-product","3":"status-publish","4":"has-post-thumbnail","6":"product_cat-hunde","7":"product_cat-halsbaender-hunde","8":"product_cat-ausbildung-hunde","9":"product_cat-zubehoer","10":"product_tag-geschirr","11":"product_tag-hundegeschirr","13":"first","14":"outofstock","15":"taxable","16":"shipping-taxable","17":"purchasable","18":"product-type-simple"},"_links":{"self":[{"href":"https:\/\/www.titta-tiernahrung.de\/wp\/wp-json\/wp\/v2\/product\/615","targetHints":{"allow":["GET"]}}],"collection":[{"href":"https:\/\/www.titta-tiernahrung.de\/wp\/wp-json\/wp\/v2\/product"}],"about":[{"href":"https:\/\/www.titta-tiernahrung.de\/wp\/wp-json\/wp\/v2\/types\/product"}],"replies":[{"embeddable":true,"href":"https:\/\/www.titta-tiernahrung.de\/wp\/wp-json\/wp\/v2\/comments?post=615"}],"wp:featuredmedia":[{"embeddable":true,"href":"https:\/\/www.titta-tiernahrung.de\/wp\/wp-json\/wp\/v2\/media\/609"}],"wp:attachment":[{"href":"https:\/\/www.titta-tiernahrung.de\/wp\/wp-json\/wp\/v2\/media?parent=615"}],"wp:term":[{"taxonomy":"product_brand","embeddable":true,"href":"https:\/\/www.titta-tiernahrung.de\/wp\/wp-json\/wp\/v2\/product_brand?post=615"},{"taxonomy":"product_cat","embeddable":true,"href":"https:\/\/www.titta-tiernahrung.de\/wp\/wp-json\/wp\/v2\/product_cat?post=615"},{"taxonomy":"product_tag","embeddable":true,"href":"https:\/\/www.titta-tiernahrung.de\/wp\/wp-json\/wp\/v2\/product_tag?post=615"}],"curies":[{"name":"wp","href":"https:\/\/api.w.org\/{rel}","templated":true}]}}