{"id":6376,"date":"2019-11-18T17:10:08","date_gmt":"2019-11-18T16:10:08","guid":{"rendered":"https:\/\/www.titta-tiernahrung.de\/wp\/?post_type=product&#038;p=6376"},"modified":"2024-09-24T17:25:11","modified_gmt":"2024-09-24T15:25:11","slug":"led-blinkhalsband","status":"publish","type":"product","link":"https:\/\/www.titta-tiernahrung.de\/wp\/produkt\/led-blinkhalsband\/","title":{"rendered":"LED Blinkhalsband"},"content":{"rendered":"","protected":false},"excerpt":{"rendered":"<p>Produktinformationen &#8222;LED Blinkhalsband&#8220;<\/p>\n<p>&nbsp;<\/p>\n<p>&#8211; schwarz<\/p>\n<p>&#8211; Nylon mit reflektierendem Streifen<\/p>\n<p>&#8211; inkl. 4 Lithium-Batterien 3V<\/p>\n<p>&#8211; Batterieleistung bis 120 Std.<\/p>\n<p>&#8211; mit rot blinkenden Leuchtdioden<\/p>\n<p>&#8211; unempfindlich gegen Schmutz und Ersch\u00fctterung<\/p>\n<p>&#8211; sichtbar ca. 800 m<\/p>\n<p>Unerl\u00e4sslich in der dunklen Jahreszeit oder f\u00fcr das Ausf\u00fchren des Hundes bei Nacht: Mit diesem Halsband kann Ihr Hund jederzeit gesehen werden &#8211; \u00fcber eine Distanz bis zu 200 Metern! Das schwarze LED Halsband aus der Serie &#8222;StarLight&#8220; ist ausgestattet mit roten Leuchtioden und einem reflektierenden Streifen. Die im Lieferumfang enthaltenen 3 V Lithium-Batterien bieten eine Leistung von bis zu 120 Stunden. Das Halsband ist aus Nylon gefertigt und unempfindlich gegen Schmutz und Ersch\u00fctterung.<\/p>\n<p>&nbsp;<\/p>\n<p>&nbsp;<\/p>\n","protected":false},"featured_media":6382,"comment_status":"open","ping_status":"closed","template":"","meta":[],"product_brand":[],"product_cat":[32,44],"product_tag":[501,500,499,350],"class_list":{"0":"post-6376","1":"product","2":"type-product","3":"status-publish","4":"has-post-thumbnail","6":"product_cat-hunde","7":"product_cat-ausbildung-hunde","8":"product_tag-blinkhalsband","9":"product_tag-led-halsband","10":"product_tag-leuchthalsband","11":"product_tag-sicherheit","13":"first","14":"instock","15":"taxable","16":"shipping-taxable","17":"purchasable","18":"product-type-variable"},"_links":{"self":[{"href":"https:\/\/www.titta-tiernahrung.de\/wp\/wp-json\/wp\/v2\/product\/6376","targetHints":{"allow":["GET"]}}],"collection":[{"href":"https:\/\/www.titta-tiernahrung.de\/wp\/wp-json\/wp\/v2\/product"}],"about":[{"href":"https:\/\/www.titta-tiernahrung.de\/wp\/wp-json\/wp\/v2\/types\/product"}],"replies":[{"embeddable":true,"href":"https:\/\/www.titta-tiernahrung.de\/wp\/wp-json\/wp\/v2\/comments?post=6376"}],"wp:featuredmedia":[{"embeddable":true,"href":"https:\/\/www.titta-tiernahrung.de\/wp\/wp-json\/wp\/v2\/media\/6382"}],"wp:attachment":[{"href":"https:\/\/www.titta-tiernahrung.de\/wp\/wp-json\/wp\/v2\/media?parent=6376"}],"wp:term":[{"taxonomy":"product_brand","embeddable":true,"href":"https:\/\/www.titta-tiernahrung.de\/wp\/wp-json\/wp\/v2\/product_brand?post=6376"},{"taxonomy":"product_cat","embeddable":true,"href":"https:\/\/www.titta-tiernahrung.de\/wp\/wp-json\/wp\/v2\/product_cat?post=6376"},{"taxonomy":"product_tag","embeddable":true,"href":"https:\/\/www.titta-tiernahrung.de\/wp\/wp-json\/wp\/v2\/product_tag?post=6376"}],"curies":[{"name":"wp","href":"https:\/\/api.w.org\/{rel}","templated":true}]}}