{"id":913,"date":"2018-07-04T19:01:13","date_gmt":"2018-07-04T17:01:13","guid":{"rendered":"https:\/\/www.titta-tiernahrung.de\/wp\/?post_type=product&#038;p=913"},"modified":"2023-02-14T14:03:35","modified_gmt":"2023-02-14T13:03:35","slug":"unisex-jacke-marin","status":"publish","type":"product","link":"https:\/\/www.titta-tiernahrung.de\/wp\/produkt\/unisex-jacke-marin\/","title":{"rendered":"Unisex-Jacke &#8222;Marin&#8220;"},"content":{"rendered":"","protected":false},"excerpt":{"rendered":"<p>Unisex-Outdoor-Jacke mit fester Kapuze, wasser- und winddicht durch atmungsaktive Beschichtung und vollverschwei\u00dfte N\u00e4hte, extra gro\u00dfe R\u00fcckentasche, 4 Au\u00dfentaschen, Front- und R\u00fcckenreflektoren, YKK-2-Wege-Frontrei\u00dfverschluss.<\/p>\n","protected":false},"featured_media":919,"comment_status":"open","ping_status":"closed","template":"","meta":[],"product_brand":[],"product_cat":[34,45],"product_tag":[469,299,297,342],"class_list":{"0":"post-913","1":"product","2":"type-product","3":"status-publish","4":"has-post-thumbnail","6":"product_cat-outdoor","7":"product_cat-jacken","8":"product_tag-damenjacke","9":"product_tag-herrenjacke","10":"product_tag-jacke","11":"product_tag-uni-sex","13":"first","14":"instock","15":"taxable","16":"shipping-taxable","17":"purchasable","18":"product-type-variable"},"_links":{"self":[{"href":"https:\/\/www.titta-tiernahrung.de\/wp\/wp-json\/wp\/v2\/product\/913","targetHints":{"allow":["GET"]}}],"collection":[{"href":"https:\/\/www.titta-tiernahrung.de\/wp\/wp-json\/wp\/v2\/product"}],"about":[{"href":"https:\/\/www.titta-tiernahrung.de\/wp\/wp-json\/wp\/v2\/types\/product"}],"replies":[{"embeddable":true,"href":"https:\/\/www.titta-tiernahrung.de\/wp\/wp-json\/wp\/v2\/comments?post=913"}],"wp:featuredmedia":[{"embeddable":true,"href":"https:\/\/www.titta-tiernahrung.de\/wp\/wp-json\/wp\/v2\/media\/919"}],"wp:attachment":[{"href":"https:\/\/www.titta-tiernahrung.de\/wp\/wp-json\/wp\/v2\/media?parent=913"}],"wp:term":[{"taxonomy":"product_brand","embeddable":true,"href":"https:\/\/www.titta-tiernahrung.de\/wp\/wp-json\/wp\/v2\/product_brand?post=913"},{"taxonomy":"product_cat","embeddable":true,"href":"https:\/\/www.titta-tiernahrung.de\/wp\/wp-json\/wp\/v2\/product_cat?post=913"},{"taxonomy":"product_tag","embeddable":true,"href":"https:\/\/www.titta-tiernahrung.de\/wp\/wp-json\/wp\/v2\/product_tag?post=913"}],"curies":[{"name":"wp","href":"https:\/\/api.w.org\/{rel}","templated":true}]}}